{"id":13327,"date":"2018-06-22T04:47:47","date_gmt":"2018-06-22T04:47:47","guid":{"rendered":"https:\/\/www.reinoanimal.com.mx\/eng\/?page_id=13327"},"modified":"2018-06-22T04:47:47","modified_gmt":"2018-06-22T04:47:47","slug":"nuestra-empresa","status":"publish","type":"page","link":"https:\/\/www.reinoanimal.com.mx\/eng\/nuestra-empresa\/","title":{"rendered":"Empresa"},"content":{"rendered":"<p>[vc_row full_width=&#8221;stretch_row_content_no_spaces&#8221;][vc_column offset=&#8221;vc_hidden-xs&#8221;][vc_single_image image=&#8221;13328&#8243; img_size=&#8221;full&#8221;][\/vc_column][\/vc_row][vc_row full_width=&#8221;stretch_row_content_no_spaces&#8221;][vc_column offset=&#8221;vc_hidden-lg vc_hidden-md vc_hidden-sm&#8221;][vc_single_image image=&#8221;13329&#8243; img_size=&#8221;full&#8221;][\/vc_column][\/vc_row][vc_row][vc_column][vc_empty_space][vc_column_text]<\/p>\n<h4><b>Reino Animal es un mundo natural para la conservaci\u00f3n de la fauna<\/b>.<\/h4>\n<p>Somos un parque sustentable dedicado al entretenimiento familiar, a trav\u00e9s de la interacci\u00f3n de 130 especies animales, se ha desarrollado un programa de producci\u00f3n agr\u00edcola para alimentar a nuestros m\u00e1s de 1400 ejemplares, cosechando 3 toneladas de comida diaria.\u00a0Reino Animal\u00a0est\u00e1 en pro de una familia unida; por tal motivo genera actividades en donde todos los integrantes de ella puedan participar.<\/p>\n<p>Nuestro parque tem\u00e1tico siempre trabaja por brindar un excelente servicio de calidad y contenido creado para fomentar el cuidado y la conservaci\u00f3n de los animales y naturaleza; Reino Animal es un concepto diferente en donde la interacci\u00f3n con los animales es la clave para vivir experiencias \u00fanicas.<\/p>\n<p>Hemos desarrollado un conjunto de maravillosas actividades interactivas en las que se explora junto con la familia, 12 diferentes espacios, donde animales y naturaleza crean entornos muy especiales que van desde la pradera y el desierto, hasta la selva, el bosque y m\u00e1s. Reino Animal los invita a ser el protagonista de su propia historia.<\/p>\n<p>\u00a1Ven y convi\u00e9rtete en un embajador del Reino Animal! Nos encontramos a tan s\u00f3lo 50 minutos de la Ciudad de M\u00e9xico.<\/p>\n<p>Vis\u00edtanos en familia y s\u00e9 parte del cambio hacia una mejor cultura ambiental para conservar la flora y la fauna.[\/vc_column_text][\/vc_column][\/vc_row][vc_row full_width=&#8221;stretch_row_content_no_spaces&#8221; el_id=&#8221;bg-footer &#8220;][vc_column css=&#8221;.vc_custom_1529518089963{margin-bottom: 0px !important;}&#8221;][vc_single_image image=&#8221;13302&#8243; img_size=&#8221;full&#8221; css=&#8221;.vc_custom_1529642857789{margin-bottom: 0px !important;}&#8221;][\/vc_column][\/vc_row]<\/p>\n","protected":false},"excerpt":{"rendered":"<p>[vc_row full_width=&#8221;stretch_row_content_no_spaces&#8221;][vc_column offset=&#8221;vc_hidden-xs&#8221;][vc_single_image image=&#8221;13328&#8243; img_size=&#8221;full&#8221;][\/vc_column][\/vc_row][vc_row full_width=&#8221;stretch_row_content_no_spaces&#8221;][vc_column offset=&#8221;vc_hidden-lg vc_hidden-md vc_hidden-sm&#8221;][vc_single_image image=&#8221;13329&#8243; img_size=&#8221;full&#8221;][\/vc_column][\/vc_row][vc_row][vc_column][vc_empty_space][vc_column_text] Reino Animal es un mundo natural para la conservaci\u00f3n de la fauna. Somos un parque sustentable dedicado al entretenimiento familiar, a trav\u00e9s de la interacci\u00f3n de 130 especies animales, se ha desarrollado un programa de producci\u00f3n agr\u00edcola para alimentar a nuestros m\u00e1s de 1400 [&hellip;]<\/p>\n","protected":false},"author":1,"featured_media":0,"parent":0,"menu_order":0,"comment_status":"closed","ping_status":"closed","template":"","meta":{"footnotes":""},"class_list":["post-13327","page","type-page","status-publish","hentry"],"_links":{"self":[{"href":"https:\/\/www.reinoanimal.com.mx\/eng\/wp-json\/wp\/v2\/pages\/13327","targetHints":{"allow":["GET"]}}],"collection":[{"href":"https:\/\/www.reinoanimal.com.mx\/eng\/wp-json\/wp\/v2\/pages"}],"about":[{"href":"https:\/\/www.reinoanimal.com.mx\/eng\/wp-json\/wp\/v2\/types\/page"}],"author":[{"embeddable":true,"href":"https:\/\/www.reinoanimal.com.mx\/eng\/wp-json\/wp\/v2\/users\/1"}],"replies":[{"embeddable":true,"href":"https:\/\/www.reinoanimal.com.mx\/eng\/wp-json\/wp\/v2\/comments?post=13327"}],"version-history":[{"count":1,"href":"https:\/\/www.reinoanimal.com.mx\/eng\/wp-json\/wp\/v2\/pages\/13327\/revisions"}],"predecessor-version":[{"id":13330,"href":"https:\/\/www.reinoanimal.com.mx\/eng\/wp-json\/wp\/v2\/pages\/13327\/revisions\/13330"}],"wp:attachment":[{"href":"https:\/\/www.reinoanimal.com.mx\/eng\/wp-json\/wp\/v2\/media?parent=13327"}],"curies":[{"name":"wp","href":"https:\/\/api.w.org\/{rel}","templated":true}]}}